{"id":2,"date":"2021-07-19T14:50:28","date_gmt":"2021-07-19T14:50:28","guid":{"rendered":"https:\/\/trakeny.renskawies.pl\/?page_id=2"},"modified":"2023-07-25T21:32:43","modified_gmt":"2023-07-25T20:32:43","slug":"sample-page","status":"publish","type":"page","link":"https:\/\/trakeny.renskawies.pl\/?page_id=2","title":{"rendered":"Nasze konie"},"content":{"rendered":"\n<p>Posiadamy 4 wspania\u0142e konie trake\u0144skie i zach\u0119camy zaawansowanych je\u017ad\u017ac\u00f3w do kontaktu i spr\u00f3bowania w\u0142asnych si\u0142. S\u0105 to jedyne konie tej rasy w okolicy, a zainteresowanych informacjami odno\u015bnie tej rasy zapraszamy do nas albo odsy\u0142amy do <a href=\"https:\/\/pl.wikipedia.org\/wiki\/Ko%C5%84_trake%C5%84ski\" target=\"_blank\" rel=\"noreferrer noopener\">Wikipedii<\/a>.<\/p>\n\n\n\n<p><strong>CHAMPION<\/strong>: Urodziny 15.03.2004<\/p>\n\n\n\n<figure class=\"wp-block-image size-large\"><img loading=\"lazy\" decoding=\"async\" width=\"1024\" height=\"866\" src=\"https:\/\/trakeny.renskawies.pl\/wp-content\/uploads\/2021\/10\/champion-1024x866.jpg\" alt=\"\" class=\"wp-image-44\" srcset=\"https:\/\/trakeny.renskawies.pl\/wp-content\/uploads\/2021\/10\/champion-1024x866.jpg 1024w, https:\/\/trakeny.renskawies.pl\/wp-content\/uploads\/2021\/10\/champion-300x254.jpg 300w, https:\/\/trakeny.renskawies.pl\/wp-content\/uploads\/2021\/10\/champion-768x649.jpg 768w, https:\/\/trakeny.renskawies.pl\/wp-content\/uploads\/2021\/10\/champion.jpg 1223w\" sizes=\"auto, (max-width: 767px) 89vw, (max-width: 1000px) 54vw, (max-width: 1071px) 543px, 580px\" \/><\/figure>\n\n\n\n<p><strong>CHERONIMO<\/strong>: urodzony 08.03.2000<\/p>\n\n\n\n<figure class=\"wp-block-image size-large\"><img loading=\"lazy\" decoding=\"async\" width=\"1024\" height=\"748\" src=\"https:\/\/trakeny.renskawies.pl\/wp-content\/uploads\/2021\/10\/cheronimo-1024x748.jpg\" alt=\"\" class=\"wp-image-45\" srcset=\"https:\/\/trakeny.renskawies.pl\/wp-content\/uploads\/2021\/10\/cheronimo-1024x748.jpg 1024w, https:\/\/trakeny.renskawies.pl\/wp-content\/uploads\/2021\/10\/cheronimo-300x219.jpg 300w, https:\/\/trakeny.renskawies.pl\/wp-content\/uploads\/2021\/10\/cheronimo-768x561.jpg 768w, https:\/\/trakeny.renskawies.pl\/wp-content\/uploads\/2021\/10\/cheronimo-1536x1122.jpg 1536w, https:\/\/trakeny.renskawies.pl\/wp-content\/uploads\/2021\/10\/cheronimo.jpg 1580w\" sizes=\"auto, (max-width: 767px) 89vw, (max-width: 1000px) 54vw, (max-width: 1071px) 543px, 580px\" \/><\/figure>\n\n\n\n<p><strong>VENUS<\/strong>: urodzna 15.03.2010<\/p>\n\n\n\n<figure class=\"wp-block-image size-large\"><img loading=\"lazy\" decoding=\"async\" width=\"1024\" height=\"878\" src=\"https:\/\/trakeny.renskawies.pl\/wp-content\/uploads\/2021\/10\/venus-1024x878.jpg\" alt=\"\" class=\"wp-image-46\" srcset=\"https:\/\/trakeny.renskawies.pl\/wp-content\/uploads\/2021\/10\/venus-1024x878.jpg 1024w, https:\/\/trakeny.renskawies.pl\/wp-content\/uploads\/2021\/10\/venus-300x257.jpg 300w, https:\/\/trakeny.renskawies.pl\/wp-content\/uploads\/2021\/10\/venus-768x658.jpg 768w, https:\/\/trakeny.renskawies.pl\/wp-content\/uploads\/2021\/10\/venus.jpg 1206w\" sizes=\"auto, (max-width: 767px) 89vw, (max-width: 1000px) 54vw, (max-width: 1071px) 543px, 580px\" \/><\/figure>\n\n\n\n<p><strong>VICKI<\/strong>: urodzona 12.04.2004<\/p>\n\n\n\n<figure class=\"wp-block-image size-full\"><img loading=\"lazy\" decoding=\"async\" width=\"987\" height=\"841\" src=\"https:\/\/trakeny.renskawies.pl\/wp-content\/uploads\/2021\/10\/vicki.jpg\" alt=\"\" class=\"wp-image-47\" srcset=\"https:\/\/trakeny.renskawies.pl\/wp-content\/uploads\/2021\/10\/vicki.jpg 987w, https:\/\/trakeny.renskawies.pl\/wp-content\/uploads\/2021\/10\/vicki-300x256.jpg 300w, https:\/\/trakeny.renskawies.pl\/wp-content\/uploads\/2021\/10\/vicki-768x654.jpg 768w\" sizes=\"auto, (max-width: 767px) 89vw, (max-width: 1000px) 54vw, (max-width: 1071px) 543px, 580px\" \/><\/figure>\n\n\n\n<p><\/p>\n\n\n\n<p><\/p>\n\n\n\n<p>A poni\u017cej mo\u017cecie si\u0119 przekona\u0107 co nasze konie robi\u0105 na padoku<\/p>\n\n\n\n<figure class=\"wp-block-video\"><video height=\"352\" style=\"aspect-ratio: 640 \/ 352;\" width=\"640\" controls src=\"https:\/\/trakeny.renskawies.pl\/wp-content\/uploads\/2021\/08\/skok.mp4\"><\/video><figcaption class=\"wp-element-caption\">Konie bardzo wszechstronne i pos\u0142uszne<\/figcaption><\/figure>\n\n\n\n<p><\/p>\n","protected":false},"excerpt":{"rendered":"<p>Posiadamy 4 wspania\u0142e konie trake\u0144skie i zach\u0119camy zaawansowanych je\u017ad\u017ac\u00f3w do kontaktu i spr\u00f3bowania w\u0142asnych si\u0142. S\u0105 to jedyne konie tej rasy w okolicy, a zainteresowanych informacjami odno\u015bnie tej rasy zapraszamy do nas albo odsy\u0142amy do Wikipedii. CHAMPION: Urodziny 15.03.2004 CHERONIMO: urodzony 08.03.2000 VENUS: urodzna 15.03.2010 VICKI: urodzona 12.04.2004 A poni\u017cej mo\u017cecie si\u0119 przekona\u0107 co nasze &hellip; <\/p>\n<p class=\"link-more\"><a href=\"https:\/\/trakeny.renskawies.pl\/?page_id=2\" class=\"more-link\">Czytaj dalej<span class=\"screen-reader-text\"> \u201eNasze konie\u201d<\/span><\/a><\/p>\n","protected":false},"author":1,"featured_media":0,"parent":0,"menu_order":0,"comment_status":"closed","ping_status":"open","template":"","meta":{"footnotes":""},"class_list":["post-2","page","type-page","status-publish","hentry"],"_links":{"self":[{"href":"https:\/\/trakeny.renskawies.pl\/index.php?rest_route=\/wp\/v2\/pages\/2","targetHints":{"allow":["GET"]}}],"collection":[{"href":"https:\/\/trakeny.renskawies.pl\/index.php?rest_route=\/wp\/v2\/pages"}],"about":[{"href":"https:\/\/trakeny.renskawies.pl\/index.php?rest_route=\/wp\/v2\/types\/page"}],"author":[{"embeddable":true,"href":"https:\/\/trakeny.renskawies.pl\/index.php?rest_route=\/wp\/v2\/users\/1"}],"replies":[{"embeddable":true,"href":"https:\/\/trakeny.renskawies.pl\/index.php?rest_route=%2Fwp%2Fv2%2Fcomments&post=2"}],"version-history":[{"count":4,"href":"https:\/\/trakeny.renskawies.pl\/index.php?rest_route=\/wp\/v2\/pages\/2\/revisions"}],"predecessor-version":[{"id":104,"href":"https:\/\/trakeny.renskawies.pl\/index.php?rest_route=\/wp\/v2\/pages\/2\/revisions\/104"}],"wp:attachment":[{"href":"https:\/\/trakeny.renskawies.pl\/index.php?rest_route=%2Fwp%2Fv2%2Fmedia&parent=2"}],"curies":[{"name":"wp","href":"https:\/\/api.w.org\/{rel}","templated":true}]}}